{"id":3084,"date":"2024-08-13T09:20:06","date_gmt":"2024-08-13T07:20:06","guid":{"rendered":"https:\/\/winter.funactive.info\/?page_id=3084"},"modified":"2026-02-19T14:21:20","modified_gmt":"2026-02-19T13:21:20","slug":"demander","status":"publish","type":"page","link":"https:\/\/france.funactive.info\/fr\/demander\/","title":{"rendered":"Demander"},"content":{"rendered":"\t\t<div data-elementor-type=\"wp-page\" data-elementor-id=\"3084\" class=\"elementor elementor-3084\">\n\t\t\t\t<div class=\"elementor-element elementor-element-5bc61414 e-flex e-con-boxed e-con e-parent\" data-id=\"5bc61414\" data-element_type=\"container\" data-settings=\"{&quot;jet_parallax_layout_list&quot;:[{&quot;jet_parallax_layout_image&quot;:{&quot;url&quot;:&quot;&quot;,&quot;id&quot;:&quot;&quot;,&quot;size&quot;:&quot;&quot;},&quot;_id&quot;:&quot;bfb0c9d&quot;,&quot;jet_parallax_layout_image_tablet&quot;:{&quot;url&quot;:&quot;&quot;,&quot;id&quot;:&quot;&quot;,&quot;size&quot;:&quot;&quot;},&quot;jet_parallax_layout_image_mobile&quot;:{&quot;url&quot;:&quot;&quot;,&quot;id&quot;:&quot;&quot;,&quot;size&quot;:&quot;&quot;},&quot;jet_parallax_layout_speed&quot;:{&quot;unit&quot;:&quot;%&quot;,&quot;size&quot;:&quot;50&quot;,&quot;sizes&quot;:[]},&quot;jet_parallax_layout_bg_x&quot;:&quot;50&quot;,&quot;jet_parallax_layout_bg_y&quot;:&quot;50&quot;,&quot;jet_parallax_layout_type&quot;:&quot;scroll&quot;,&quot;jet_parallax_layout_direction&quot;:&quot;1&quot;,&quot;jet_parallax_layout_fx_direction&quot;:null,&quot;jet_parallax_layout_z_index&quot;:&quot;&quot;,&quot;jet_parallax_layout_bg_x_tablet&quot;:&quot;&quot;,&quot;jet_parallax_layout_bg_x_mobile&quot;:&quot;&quot;,&quot;jet_parallax_layout_bg_y_tablet&quot;:&quot;&quot;,&quot;jet_parallax_layout_bg_y_mobile&quot;:&quot;&quot;,&quot;jet_parallax_layout_bg_size&quot;:&quot;auto&quot;,&quot;jet_parallax_layout_bg_size_tablet&quot;:&quot;&quot;,&quot;jet_parallax_layout_bg_size_mobile&quot;:&quot;&quot;,&quot;jet_parallax_layout_animation_prop&quot;:&quot;transform&quot;,&quot;jet_parallax_layout_on&quot;:[&quot;desktop&quot;,&quot;tablet&quot;]}]}\">\n\t\t\t\t\t<div class=\"e-con-inner\">\n\t\t\t\t<div class=\"elementor-element elementor-element-6ed58bd1 elementor-mobile-align-center elementor-align-center elementor-widget elementor-widget-raven-heading\" data-id=\"6ed58bd1\" data-element_type=\"widget\" data-widget_type=\"raven-heading.default\">\n\t\t\t\t<div class=\"elementor-widget-container\">\n\t\t\t\t\t\t\t<div class=\"raven-widget-wrapper\"><h2 class=\"raven-heading raven-heading-h2\"><span class=\"raven-heading-title \">Demander un devis<\/span><\/h2><\/div>\r\n\t\t\t\t\t\t<\/div>\n\t\t\t\t<\/div>\n\t\t\t\t<div class=\"elementor-element elementor-element-1fa1f8f3 elementor-widget elementor-widget-text-editor\" data-id=\"1fa1f8f3\" data-element_type=\"widget\" data-widget_type=\"text-editor.default\">\n\t\t\t\t<div class=\"elementor-widget-container\">\n\t\t\t\t\t\t\t\t\t<p>Pour demander un devis, il vous suffit d&rsquo;utiliser le formulaire ci-dessous. <strong>Nous vous r\u00e9pondrons dans les plus brefs d\u00e9lais !<\/strong><\/p>\t\t\t\t\t\t\t\t<\/div>\n\t\t\t\t<\/div>\n\t\t\t\t<div class=\"elementor-element elementor-element-49791df elementor-widget elementor-widget-contact-form-7\" data-id=\"49791df\" data-element_type=\"widget\" data-widget_type=\"contact-form-7.default\">\n\t\t\t\t<div class=\"elementor-widget-container\">\n\t\t\t\t\t<div class=\"elementor-contact-form-7 jet-elements\">\n<div class=\"wpcf7 no-js\" id=\"wpcf7-f3904-o1\" lang=\"de-DE\" dir=\"ltr\" data-wpcf7-id=\"3904\">\n<div class=\"screen-reader-response\"><p role=\"status\" aria-live=\"polite\" aria-atomic=\"true\"><\/p> <ul><\/ul><\/div>\n<form action=\"\/fr\/wp-json\/wp\/v2\/pages\/3084#wpcf7-f3904-o1\" method=\"post\" class=\"wpcf7-form init wpcf7-acceptance-as-validation\" aria-label=\"Kontaktformular\" novalidate=\"novalidate\" data-status=\"init\">\n<fieldset class=\"hidden-fields-container\"><input type=\"hidden\" name=\"_wpcf7\" value=\"3904\" \/><input type=\"hidden\" name=\"_wpcf7_version\" value=\"6.1.5\" \/><input type=\"hidden\" name=\"_wpcf7_locale\" value=\"de_DE\" \/><input type=\"hidden\" name=\"_wpcf7_unit_tag\" value=\"wpcf7-f3904-o1\" \/><input type=\"hidden\" name=\"_wpcf7_container_post\" value=\"0\" \/><input type=\"hidden\" name=\"_wpcf7_posted_data_hash\" value=\"\" \/><input type=\"hidden\" name=\"_wpcf7dtx_version\" value=\"5.0.5\" \/>\n<\/fieldset>\n<h4>Voyage s\u00e9lectionn\u00e9\n<\/h4>\n<p><span class=\"wpcf7-form-control-wrap dynamictext-reise\" data-name=\"dynamictext-reise\"><input type=\"text\" name=\"dynamictext-reise\" class=\"wpcf7-form-control wpcf7-text wpcf7dtx wpcf7dtx-text\" aria-invalid=\"false\"><\/span>\n<\/p>\n<div class=\"clearfix\">\n\t<div id=\"left\">\n\t\t<p>Nombre de personnes *\n\t\t<\/p>\n\t\t<p><span class=\"wpcf7-form-control-wrap\" data-name=\"AnzahlPersonen\"><select class=\"wpcf7-form-control wpcf7-select wpcf7-validates-as-required\" aria-required=\"true\" aria-invalid=\"false\" name=\"AnzahlPersonen\"><option value=\"\">&#8211; Bitte ausw\u00e4hlen &#8211;<\/option><option value=\"1 personne\">1 personne<\/option><option value=\"2 personnes\">2 personnes<\/option><option value=\"3 personnes\">3 personnes<\/option><option value=\"4 personnes\">4 personnes<\/option><option value=\"5 personnes\">5 personnes<\/option><option value=\"6 personnes\">6 personnes<\/option><option value=\"7 personnes\">7 personnes<\/option><option value=\"8 personnes\">8 personnes<\/option><option value=\"9 personnes\">9 personnes<\/option><option value=\"10 personnes\">10 personnes<\/option><option value=\"11 personnes\">11 personnes<\/option><option value=\"12 personnes\">12 personnes<\/option><\/select><\/span>\n\t\t<\/p>\n\t<\/div>\n\t<div id=\"right\">\n\t\t<p>P\u00e9riode de voyage *\n\t\t<\/p>\n\t\t<p><span class=\"wpcf7-form-control-wrap\" data-name=\"reisezeitraum\"><input size=\"40\" maxlength=\"400\" class=\"wpcf7-form-control wpcf7-text wpcf7-validates-as-required datefield\" aria-required=\"true\" aria-invalid=\"false\" placeholder=\"select date\" value=\"\" type=\"text\" name=\"reisezeitraum\" \/><\/span>\n\t\t<\/p>\n\t<\/div>\n<\/div>\n<h4>Vos coordonn\u00e9es:\n<\/h4>\n<div class=\"clearfix\">\n\t<div id=\"left\">\n\t\t<p> Nom *\n\t\t<\/p>\n\t\t<p><span class=\"wpcf7-form-control-wrap\" data-name=\"your-name\"><input size=\"40\" maxlength=\"400\" class=\"wpcf7-form-control wpcf7-text wpcf7-validates-as-required\" aria-required=\"true\" aria-invalid=\"false\" value=\"\" type=\"text\" name=\"your-name\" \/><\/span>\n\t\t<\/p>\n\t\t<p> Adresse *\n\t\t<\/p>\n\t\t<p><span class=\"wpcf7-form-control-wrap\" data-name=\"Adresse\"><input size=\"40\" maxlength=\"400\" class=\"wpcf7-form-control wpcf7-text wpcf7-validates-as-required\" aria-required=\"true\" aria-invalid=\"false\" value=\"\" type=\"text\" name=\"Adresse\" \/><\/span>\n\t\t<\/p>\n\t\t<p>Code postal\/Ville *\n\t\t<\/p>\n\t\t<p><span class=\"wpcf7-form-control-wrap\" data-name=\"PLZ-Ort\"><input size=\"40\" maxlength=\"400\" class=\"wpcf7-form-control wpcf7-text wpcf7-validates-as-required\" aria-required=\"true\" aria-invalid=\"false\" value=\"\" type=\"text\" name=\"PLZ-Ort\" \/><\/span>\n\t\t<\/p>\n\t<\/div>\n\t<div id=\"right\">\n\t\t<p> Pays *\n\t\t<\/p>\n\t\t<p><span class=\"wpcf7-form-control-wrap\" data-name=\"land\"><input size=\"40\" maxlength=\"400\" class=\"wpcf7-form-control wpcf7-text wpcf7-validates-as-required\" aria-required=\"true\" aria-invalid=\"false\" value=\"\" type=\"text\" name=\"land\" \/><\/span>\n\t\t<\/p>\n\t\t<p>T\u00e9l\u00e9phone\n\t\t<\/p>\n\t\t<p><span class=\"wpcf7-form-control-wrap\" data-name=\"telefon\"><input size=\"40\" maxlength=\"400\" class=\"wpcf7-form-control wpcf7-tel wpcf7-text wpcf7-validates-as-tel\" aria-invalid=\"false\" value=\"\" type=\"tel\" name=\"telefon\" \/><\/span>\n\t\t<\/p>\n\t\t<p>Adresse e-mail *\n\t\t<\/p>\n\t\t<p><span class=\"wpcf7-form-control-wrap\" data-name=\"your-email\"><input size=\"40\" maxlength=\"400\" class=\"wpcf7-form-control wpcf7-email wpcf7-validates-as-required wpcf7-text wpcf7-validates-as-email\" aria-required=\"true\" aria-invalid=\"false\" value=\"\" type=\"email\" name=\"your-email\" \/><\/span>\n\t\t<\/p>\n\t\t<p><span id=\"wpcf7-69d4798c3a9ca-wrapper\" class=\"wpcf7-form-control-wrap fax-wrap\" ><label for=\"wpcf7-69d4798c3a9ca-field\" class=\"hp-message\">Bitte lasse dieses Feld leer.<\/label><input id=\"wpcf7-69d4798c3a9ca-field\"  class=\"wpcf7-form-control wpcf7-text\" type=\"text\" name=\"fax\" value=\"\" size=\"40\" tabindex=\"-1\" autocomplete=\"new-password\" \/><\/span>\n\t\t<\/p>\n\t<\/div>\n<\/div>\n<p>Votre message <span class=\"wpcf7-form-control-wrap\" data-name=\"your-message\"><textarea cols=\"40\" rows=\"10\" maxlength=\"2000\" class=\"wpcf7-form-control wpcf7-textarea\" aria-invalid=\"false\" name=\"your-message\"><\/textarea><\/span>\n<\/p>\n<p><span class=\"wpcf7-form-control-wrap\" data-name=\"Privacy\"><span class=\"wpcf7-form-control wpcf7-acceptance\"><span class=\"wpcf7-list-item\"><input type=\"checkbox\" name=\"Privacy\" value=\"1\" aria-invalid=\"false\" \/><\/span><\/span><\/span> J'ai lu et j'accepte les <a href=\"\/privacy\/\">dispositions relatives \u00e0 la confidentialit\u00e9.<\/a>\n<\/p>\n<p><input class=\"wpcf7-form-control wpcf7-submit has-spinner\" type=\"submit\" value=\"Envoyer\" \/>\n<\/p><div class=\"wpcf7-response-output\" aria-hidden=\"true\"><\/div>\n<\/form>\n<\/div>\n<\/div>\t\t\t\t<\/div>\n\t\t\t\t<\/div>\n\t\t\t\t\t<\/div>\n\t\t\t\t<\/div>\n\t\t\t\t<\/div>\n\t\t","protected":false},"excerpt":{"rendered":"<p>Demander un devis Pour demander un devis, il vous suffit d&rsquo;utiliser le formulaire ci-dessous. Nous vous r\u00e9pondrons dans les plus brefs d\u00e9lais ! Voyage s\u00e9lectionn\u00e9 Nombre de personnes * \u2013 Bitte ausw\u00e4hlen \u20131 Person2 Personen3 Personen4 Personen5 Personen6 Personen7 Personen8 Personen9 Personen10 Personen11 Personen12 Personen Reisezeitraum * Ihre Daten: Name * Adresse * PLZ\/Ort * [&hellip;]<\/p>\n","protected":false},"author":1,"featured_media":0,"parent":0,"menu_order":0,"comment_status":"closed","ping_status":"closed","template":"elementor_header_footer","meta":{"_acf_changed":false,"footnotes":""},"class_list":["post-3084","page","type-page","status-publish","hentry"],"acf":[],"yoast_head":"<!-- This site is optimized with the Yoast SEO plugin v27.1.1 - https:\/\/yoast.com\/product\/yoast-seo-wordpress\/ -->\n<title>Demander - FunActive Tours - Randonn\u00e9e p\u00e9destre et cyclotourisme en Italie<\/title>\n<meta name=\"robots\" content=\"index, follow, max-snippet:-1, max-image-preview:large, max-video-preview:-1\" \/>\n<link rel=\"canonical\" href=\"https:\/\/france.funactive.info\/fr\/demander\/\" \/>\n<meta property=\"og:locale\" content=\"fr_FR\" \/>\n<meta property=\"og:type\" content=\"article\" \/>\n<meta property=\"og:title\" content=\"Demander - FunActive Tours - Randonn\u00e9e p\u00e9destre et cyclotourisme en Italie\" \/>\n<meta property=\"og:description\" content=\"Demander un devis Pour demander un devis, il vous suffit d&rsquo;utiliser le formulaire ci-dessous. Nous vous r\u00e9pondrons dans les plus brefs d\u00e9lais ! Voyage s\u00e9lectionn\u00e9 Nombre de personnes * \u2013 Bitte ausw\u00e4hlen \u20131 Person2 Personen3 Personen4 Personen5 Personen6 Personen7 Personen8 Personen9 Personen10 Personen11 Personen12 Personen Reisezeitraum * Ihre Daten: Name * Adresse * PLZ\/Ort * [&hellip;]\" \/>\n<meta property=\"og:url\" content=\"https:\/\/france.funactive.info\/fr\/demander\/\" \/>\n<meta property=\"og:site_name\" content=\"FunActive Tours - Randonn\u00e9e p\u00e9destre et cyclotourisme en Italie\" \/>\n<meta property=\"article:publisher\" content=\"https:\/\/www.facebook.com\/funactive.info\/\" \/>\n<meta property=\"article:modified_time\" content=\"2026-02-19T13:21:20+00:00\" \/>\n<meta name=\"twitter:card\" content=\"summary_large_image\" \/>\n<meta name=\"twitter:label1\" content=\"Dur\u00e9e de lecture estim\u00e9e\" \/>\n\t<meta name=\"twitter:data1\" content=\"1 minute\" \/>\n<script type=\"application\/ld+json\" class=\"yoast-schema-graph\">{\"@context\":\"https:\/\/schema.org\",\"@graph\":[{\"@type\":\"WebPage\",\"@id\":\"https:\/\/france.funactive.info\/fr\/demander\/\",\"url\":\"https:\/\/france.funactive.info\/fr\/demander\/\",\"name\":\"Demander - FunActive Tours - Randonn\u00e9e p\u00e9destre et cyclotourisme en Italie\",\"isPartOf\":{\"@id\":\"https:\/\/france.funactive.info\/fr\/#website\"},\"datePublished\":\"2024-08-13T07:20:06+00:00\",\"dateModified\":\"2026-02-19T13:21:20+00:00\",\"breadcrumb\":{\"@id\":\"https:\/\/france.funactive.info\/fr\/demander\/#breadcrumb\"},\"inLanguage\":\"fr-FR\",\"potentialAction\":[{\"@type\":\"ReadAction\",\"target\":[\"https:\/\/france.funactive.info\/fr\/demander\/\"]}]},{\"@type\":\"BreadcrumbList\",\"@id\":\"https:\/\/france.funactive.info\/fr\/demander\/#breadcrumb\",\"itemListElement\":[{\"@type\":\"ListItem\",\"position\":1,\"name\":\"Startseite\",\"item\":\"https:\/\/france.funactive.info\/fr\/\"},{\"@type\":\"ListItem\",\"position\":2,\"name\":\"Demander\"}]},{\"@type\":\"WebSite\",\"@id\":\"https:\/\/france.funactive.info\/fr\/#website\",\"url\":\"https:\/\/france.funactive.info\/fr\/\",\"name\":\"FunActive\",\"description\":\"\",\"potentialAction\":[{\"@type\":\"SearchAction\",\"target\":{\"@type\":\"EntryPoint\",\"urlTemplate\":\"https:\/\/france.funactive.info\/fr\/?s={search_term_string}\"},\"query-input\":{\"@type\":\"PropertyValueSpecification\",\"valueRequired\":true,\"valueName\":\"search_term_string\"}}],\"inLanguage\":\"fr-FR\"}]}<\/script>\n<!-- \/ Yoast SEO plugin. -->","yoast_head_json":{"title":"Demander - FunActive Tours - Randonn\u00e9e p\u00e9destre et cyclotourisme en Italie","robots":{"index":"index","follow":"follow","max-snippet":"max-snippet:-1","max-image-preview":"max-image-preview:large","max-video-preview":"max-video-preview:-1"},"canonical":"https:\/\/france.funactive.info\/fr\/demander\/","og_locale":"fr_FR","og_type":"article","og_title":"Demander - FunActive Tours - Randonn\u00e9e p\u00e9destre et cyclotourisme en Italie","og_description":"Demander un devis Pour demander un devis, il vous suffit d&rsquo;utiliser le formulaire ci-dessous. Nous vous r\u00e9pondrons dans les plus brefs d\u00e9lais ! Voyage s\u00e9lectionn\u00e9 Nombre de personnes * \u2013 Bitte ausw\u00e4hlen \u20131 Person2 Personen3 Personen4 Personen5 Personen6 Personen7 Personen8 Personen9 Personen10 Personen11 Personen12 Personen Reisezeitraum * Ihre Daten: Name * Adresse * PLZ\/Ort * [&hellip;]","og_url":"https:\/\/france.funactive.info\/fr\/demander\/","og_site_name":"FunActive Tours - Randonn\u00e9e p\u00e9destre et cyclotourisme en Italie","article_publisher":"https:\/\/www.facebook.com\/funactive.info\/","article_modified_time":"2026-02-19T13:21:20+00:00","twitter_card":"summary_large_image","twitter_misc":{"Dur\u00e9e de lecture estim\u00e9e":"1 minute"},"schema":{"@context":"https:\/\/schema.org","@graph":[{"@type":"WebPage","@id":"https:\/\/france.funactive.info\/fr\/demander\/","url":"https:\/\/france.funactive.info\/fr\/demander\/","name":"Demander - FunActive Tours - Randonn\u00e9e p\u00e9destre et cyclotourisme en Italie","isPartOf":{"@id":"https:\/\/france.funactive.info\/fr\/#website"},"datePublished":"2024-08-13T07:20:06+00:00","dateModified":"2026-02-19T13:21:20+00:00","breadcrumb":{"@id":"https:\/\/france.funactive.info\/fr\/demander\/#breadcrumb"},"inLanguage":"fr-FR","potentialAction":[{"@type":"ReadAction","target":["https:\/\/france.funactive.info\/fr\/demander\/"]}]},{"@type":"BreadcrumbList","@id":"https:\/\/france.funactive.info\/fr\/demander\/#breadcrumb","itemListElement":[{"@type":"ListItem","position":1,"name":"Startseite","item":"https:\/\/france.funactive.info\/fr\/"},{"@type":"ListItem","position":2,"name":"Demander"}]},{"@type":"WebSite","@id":"https:\/\/france.funactive.info\/fr\/#website","url":"https:\/\/france.funactive.info\/fr\/","name":"FunActive","description":"","potentialAction":[{"@type":"SearchAction","target":{"@type":"EntryPoint","urlTemplate":"https:\/\/france.funactive.info\/fr\/?s={search_term_string}"},"query-input":{"@type":"PropertyValueSpecification","valueRequired":true,"valueName":"search_term_string"}}],"inLanguage":"fr-FR"}]}},"_links":{"self":[{"href":"https:\/\/france.funactive.info\/fr\/wp-json\/wp\/v2\/pages\/3084","targetHints":{"allow":["GET"]}}],"collection":[{"href":"https:\/\/france.funactive.info\/fr\/wp-json\/wp\/v2\/pages"}],"about":[{"href":"https:\/\/france.funactive.info\/fr\/wp-json\/wp\/v2\/types\/page"}],"author":[{"embeddable":true,"href":"https:\/\/france.funactive.info\/fr\/wp-json\/wp\/v2\/users\/1"}],"replies":[{"embeddable":true,"href":"https:\/\/france.funactive.info\/fr\/wp-json\/wp\/v2\/comments?post=3084"}],"version-history":[{"count":5,"href":"https:\/\/france.funactive.info\/fr\/wp-json\/wp\/v2\/pages\/3084\/revisions"}],"predecessor-version":[{"id":4140,"href":"https:\/\/france.funactive.info\/fr\/wp-json\/wp\/v2\/pages\/3084\/revisions\/4140"}],"wp:attachment":[{"href":"https:\/\/france.funactive.info\/fr\/wp-json\/wp\/v2\/media?parent=3084"}],"curies":[{"name":"wp","href":"https:\/\/api.w.org\/{rel}","templated":true}]}}