{"id":3225,"date":"2024-08-16T14:17:03","date_gmt":"2024-08-16T12:17:03","guid":{"rendered":"https:\/\/winter.funactive.info\/?page_id=3225"},"modified":"2026-02-19T14:42:52","modified_gmt":"2026-02-19T13:42:52","slug":"impressum","status":"publish","type":"page","link":"https:\/\/france.funactive.info\/fr\/impressum\/","title":{"rendered":"Impressum"},"content":{"rendered":"\t\t<div data-elementor-type=\"wp-page\" data-elementor-id=\"3225\" class=\"elementor elementor-3225\">\n\t\t\t\t<div class=\"elementor-element elementor-element-5bc61414 e-flex e-con-boxed e-con e-parent\" data-id=\"5bc61414\" data-element_type=\"container\" data-settings=\"{&quot;jet_parallax_layout_list&quot;:[{&quot;jet_parallax_layout_image&quot;:{&quot;url&quot;:&quot;&quot;,&quot;id&quot;:&quot;&quot;,&quot;size&quot;:&quot;&quot;},&quot;_id&quot;:&quot;bfb0c9d&quot;,&quot;jet_parallax_layout_image_tablet&quot;:{&quot;url&quot;:&quot;&quot;,&quot;id&quot;:&quot;&quot;,&quot;size&quot;:&quot;&quot;},&quot;jet_parallax_layout_image_mobile&quot;:{&quot;url&quot;:&quot;&quot;,&quot;id&quot;:&quot;&quot;,&quot;size&quot;:&quot;&quot;},&quot;jet_parallax_layout_speed&quot;:{&quot;unit&quot;:&quot;%&quot;,&quot;size&quot;:&quot;50&quot;,&quot;sizes&quot;:[]},&quot;jet_parallax_layout_bg_x&quot;:&quot;50&quot;,&quot;jet_parallax_layout_bg_y&quot;:&quot;50&quot;,&quot;jet_parallax_layout_type&quot;:&quot;scroll&quot;,&quot;jet_parallax_layout_direction&quot;:&quot;1&quot;,&quot;jet_parallax_layout_fx_direction&quot;:null,&quot;jet_parallax_layout_z_index&quot;:&quot;&quot;,&quot;jet_parallax_layout_bg_x_tablet&quot;:&quot;&quot;,&quot;jet_parallax_layout_bg_x_mobile&quot;:&quot;&quot;,&quot;jet_parallax_layout_bg_y_tablet&quot;:&quot;&quot;,&quot;jet_parallax_layout_bg_y_mobile&quot;:&quot;&quot;,&quot;jet_parallax_layout_bg_size&quot;:&quot;auto&quot;,&quot;jet_parallax_layout_bg_size_tablet&quot;:&quot;&quot;,&quot;jet_parallax_layout_bg_size_mobile&quot;:&quot;&quot;,&quot;jet_parallax_layout_animation_prop&quot;:&quot;transform&quot;,&quot;jet_parallax_layout_on&quot;:[&quot;desktop&quot;,&quot;tablet&quot;]}]}\">\n\t\t\t\t\t<div class=\"e-con-inner\">\n\t\t\t\t<div class=\"elementor-element elementor-element-6ed58bd1 elementor-mobile-align-center elementor-align-center elementor-widget elementor-widget-raven-heading\" data-id=\"6ed58bd1\" data-element_type=\"widget\" data-widget_type=\"raven-heading.default\">\n\t\t\t\t<div class=\"elementor-widget-container\">\n\t\t\t\t\t\t\t<div class=\"raven-widget-wrapper\"><h2 class=\"raven-heading raven-heading-h2\"><span class=\"raven-heading-title \">Impressum<\/span><\/h2><\/div>\r\n\t\t\t\t\t\t<\/div>\n\t\t\t\t<\/div>\n\t\t<div class=\"elementor-element elementor-element-94873d2 e-flex e-con-boxed e-con e-child\" data-id=\"94873d2\" data-element_type=\"container\" data-settings=\"{&quot;jet_parallax_layout_list&quot;:[]}\">\n\t\t\t\t\t<div class=\"e-con-inner\">\n\t\t\t\t<div class=\"elementor-element elementor-element-1fa1f8f3 elementor-widget__width-initial elementor-widget elementor-widget-text-editor\" data-id=\"1fa1f8f3\" data-element_type=\"widget\" data-widget_type=\"text-editor.default\">\n\t\t\t\t<div class=\"elementor-widget-container\">\n\t\t\t\t\t\t\t\t\t<p><strong>Responsable du contenu de ce site web:<br \/><\/strong>Fun Active Tours &#8211; Freddy Mair<br \/>Bahnhofstra\u00dfe 3a<br \/>I-39034 Toblach, Italy<br \/>Tel: +39 0474 771210<br \/><a href=\"mailto:office@funactive.info\">office@funactive.info<\/a><\/p><p>VAT: IT02622710214<\/p><p><strong>Images:<\/strong><br \/>FunActive Tours Gmbh, S\u00fcdtirol Marketing, Tourismusverband Hochpustertal<\/p><p><strong>Clause de responsabilit\u00e9 :<\/strong><br \/>Les marques et soci\u00e9t\u00e9s mentionn\u00e9es sur ce site web sont la propri\u00e9t\u00e9 de leurs d\u00e9tenteurs respectifs.<br \/>Ce site web contient des liens vers des sites web tiers. Malgr\u00e9 un contr\u00f4le minutieux du contenu, nous d\u00e9clinons toute responsabilit\u00e9 quant au contenu des sites web li\u00e9s. La responsabilit\u00e9 de leur contenu et de leur conception incombe exclusivement \u00e0 leurs exploitants respectifs.<\/p>\t\t\t\t\t\t\t\t<\/div>\n\t\t\t\t<\/div>\n\t\t\t\t<div class=\"elementor-element elementor-element-349b387 elementor-widget__width-initial elementor-widget elementor-widget-text-editor\" data-id=\"349b387\" data-element_type=\"widget\" data-widget_type=\"text-editor.default\">\n\t\t\t\t<div class=\"elementor-widget-container\">\n\t\t\t\t\t\t\t\t\t<p><strong>R\u00e9alisation, concept et design:<br \/><\/strong>Fuchsdesign<br \/>Dolomitenstra\u00dfe 25a, 39034 Toblach<br \/>Italy<br \/>Tel +39 0474 979 048<br \/><a href=\"mailto:info@fuchsdesign.it\">info@fuchsdesign.it<\/a><br \/><a class=\"external-link-new-window\" title=\"Opens external link in new window\" href=\"http:\/\/www.fuchsdesign.it\/\" target=\"_blank\" rel=\"noopener noreferrer\">www.fuchsdesign.it<\/a><\/p><p><strong>Informations obligatoires conform\u00e9ment au r\u00e8glement (UE) n\u00b0 524\/2013 du Parlement europ\u00e9en et du Conseil:<\/strong><br \/><a href=\"https:\/\/ec.europa.eu\/consumers\/odr\/\" target=\"_blank\" rel=\"noopener\">Plateforme de r\u00e8glement<\/a> en ligne des litiges de consommation (RLL) de la Commission europ\u00e9enne.<\/p>\t\t\t\t\t\t\t\t<\/div>\n\t\t\t\t<\/div>\n\t\t\t\t\t<\/div>\n\t\t\t\t<\/div>\n\t\t\t\t\t<\/div>\n\t\t\t\t<\/div>\n\t\t\t\t<\/div>\n\t\t","protected":false},"excerpt":{"rendered":"<p>Impressum Responsable du contenu de ce site web:Fun Active Tours &#8211; Freddy MairBahnhofstra\u00dfe 3aI-39034 Toblach, ItalyTel: +39 0474 771210office@funactive.info VAT: IT02622710214 Images:FunActive Tours Gmbh, S\u00fcdtirol Marketing, Tourismusverband Hochpustertal Clause de responsabilit\u00e9 :Les marques et soci\u00e9t\u00e9s mentionn\u00e9es sur ce site web sont la propri\u00e9t\u00e9 de leurs d\u00e9tenteurs respectifs.Ce site web contient des liens vers des sites [&hellip;]<\/p>\n","protected":false},"author":1,"featured_media":0,"parent":0,"menu_order":0,"comment_status":"closed","ping_status":"closed","template":"elementor_header_footer","meta":{"_acf_changed":false,"footnotes":""},"class_list":["post-3225","page","type-page","status-publish","hentry"],"acf":[],"yoast_head":"<!-- This site is optimized with the Yoast SEO plugin v27.1.1 - https:\/\/yoast.com\/product\/yoast-seo-wordpress\/ -->\n<title>Impressum - FunActive Tours - Randonn\u00e9e p\u00e9destre et cyclotourisme en Italie<\/title>\n<meta name=\"robots\" content=\"index, follow, max-snippet:-1, max-image-preview:large, max-video-preview:-1\" \/>\n<link rel=\"canonical\" href=\"https:\/\/france.funactive.info\/fr\/impressum\/\" \/>\n<meta property=\"og:locale\" content=\"fr_FR\" \/>\n<meta property=\"og:type\" content=\"article\" \/>\n<meta property=\"og:title\" content=\"Impressum - FunActive Tours - Randonn\u00e9e p\u00e9destre et cyclotourisme en Italie\" \/>\n<meta property=\"og:description\" content=\"Impressum Responsable du contenu de ce site web:Fun Active Tours &#8211; Freddy MairBahnhofstra\u00dfe 3aI-39034 Toblach, ItalyTel: +39 0474 771210office@funactive.info VAT: IT02622710214 Images:FunActive Tours Gmbh, S\u00fcdtirol Marketing, Tourismusverband Hochpustertal Clause de responsabilit\u00e9 :Les marques et soci\u00e9t\u00e9s mentionn\u00e9es sur ce site web sont la propri\u00e9t\u00e9 de leurs d\u00e9tenteurs respectifs.Ce site web contient des liens vers des sites [&hellip;]\" \/>\n<meta property=\"og:url\" content=\"https:\/\/france.funactive.info\/fr\/impressum\/\" \/>\n<meta property=\"og:site_name\" content=\"FunActive Tours - Randonn\u00e9e p\u00e9destre et cyclotourisme en Italie\" \/>\n<meta property=\"article:publisher\" content=\"https:\/\/www.facebook.com\/funactive.info\/\" \/>\n<meta property=\"article:modified_time\" content=\"2026-02-19T13:42:52+00:00\" \/>\n<meta name=\"twitter:card\" content=\"summary_large_image\" \/>\n<meta name=\"twitter:label1\" content=\"Dur\u00e9e de lecture estim\u00e9e\" \/>\n\t<meta name=\"twitter:data1\" content=\"1 minute\" \/>\n<script type=\"application\/ld+json\" class=\"yoast-schema-graph\">{\"@context\":\"https:\/\/schema.org\",\"@graph\":[{\"@type\":\"WebPage\",\"@id\":\"https:\/\/france.funactive.info\/fr\/impressum\/\",\"url\":\"https:\/\/france.funactive.info\/fr\/impressum\/\",\"name\":\"Impressum - FunActive Tours - Randonn\u00e9e p\u00e9destre et cyclotourisme en Italie\",\"isPartOf\":{\"@id\":\"https:\/\/france.funactive.info\/fr\/#website\"},\"datePublished\":\"2024-08-16T12:17:03+00:00\",\"dateModified\":\"2026-02-19T13:42:52+00:00\",\"breadcrumb\":{\"@id\":\"https:\/\/france.funactive.info\/fr\/impressum\/#breadcrumb\"},\"inLanguage\":\"fr-FR\",\"potentialAction\":[{\"@type\":\"ReadAction\",\"target\":[\"https:\/\/france.funactive.info\/fr\/impressum\/\"]}]},{\"@type\":\"BreadcrumbList\",\"@id\":\"https:\/\/france.funactive.info\/fr\/impressum\/#breadcrumb\",\"itemListElement\":[{\"@type\":\"ListItem\",\"position\":1,\"name\":\"Startseite\",\"item\":\"https:\/\/france.funactive.info\/fr\/\"},{\"@type\":\"ListItem\",\"position\":2,\"name\":\"Impressum\"}]},{\"@type\":\"WebSite\",\"@id\":\"https:\/\/france.funactive.info\/fr\/#website\",\"url\":\"https:\/\/france.funactive.info\/fr\/\",\"name\":\"FunActive\",\"description\":\"\",\"potentialAction\":[{\"@type\":\"SearchAction\",\"target\":{\"@type\":\"EntryPoint\",\"urlTemplate\":\"https:\/\/france.funactive.info\/fr\/?s={search_term_string}\"},\"query-input\":{\"@type\":\"PropertyValueSpecification\",\"valueRequired\":true,\"valueName\":\"search_term_string\"}}],\"inLanguage\":\"fr-FR\"}]}<\/script>\n<!-- \/ Yoast SEO plugin. -->","yoast_head_json":{"title":"Impressum - FunActive Tours - Randonn\u00e9e p\u00e9destre et cyclotourisme en Italie","robots":{"index":"index","follow":"follow","max-snippet":"max-snippet:-1","max-image-preview":"max-image-preview:large","max-video-preview":"max-video-preview:-1"},"canonical":"https:\/\/france.funactive.info\/fr\/impressum\/","og_locale":"fr_FR","og_type":"article","og_title":"Impressum - FunActive Tours - Randonn\u00e9e p\u00e9destre et cyclotourisme en Italie","og_description":"Impressum Responsable du contenu de ce site web:Fun Active Tours &#8211; Freddy MairBahnhofstra\u00dfe 3aI-39034 Toblach, ItalyTel: +39 0474 771210office@funactive.info VAT: IT02622710214 Images:FunActive Tours Gmbh, S\u00fcdtirol Marketing, Tourismusverband Hochpustertal Clause de responsabilit\u00e9 :Les marques et soci\u00e9t\u00e9s mentionn\u00e9es sur ce site web sont la propri\u00e9t\u00e9 de leurs d\u00e9tenteurs respectifs.Ce site web contient des liens vers des sites [&hellip;]","og_url":"https:\/\/france.funactive.info\/fr\/impressum\/","og_site_name":"FunActive Tours - Randonn\u00e9e p\u00e9destre et cyclotourisme en Italie","article_publisher":"https:\/\/www.facebook.com\/funactive.info\/","article_modified_time":"2026-02-19T13:42:52+00:00","twitter_card":"summary_large_image","twitter_misc":{"Dur\u00e9e de lecture estim\u00e9e":"1 minute"},"schema":{"@context":"https:\/\/schema.org","@graph":[{"@type":"WebPage","@id":"https:\/\/france.funactive.info\/fr\/impressum\/","url":"https:\/\/france.funactive.info\/fr\/impressum\/","name":"Impressum - FunActive Tours - Randonn\u00e9e p\u00e9destre et cyclotourisme en Italie","isPartOf":{"@id":"https:\/\/france.funactive.info\/fr\/#website"},"datePublished":"2024-08-16T12:17:03+00:00","dateModified":"2026-02-19T13:42:52+00:00","breadcrumb":{"@id":"https:\/\/france.funactive.info\/fr\/impressum\/#breadcrumb"},"inLanguage":"fr-FR","potentialAction":[{"@type":"ReadAction","target":["https:\/\/france.funactive.info\/fr\/impressum\/"]}]},{"@type":"BreadcrumbList","@id":"https:\/\/france.funactive.info\/fr\/impressum\/#breadcrumb","itemListElement":[{"@type":"ListItem","position":1,"name":"Startseite","item":"https:\/\/france.funactive.info\/fr\/"},{"@type":"ListItem","position":2,"name":"Impressum"}]},{"@type":"WebSite","@id":"https:\/\/france.funactive.info\/fr\/#website","url":"https:\/\/france.funactive.info\/fr\/","name":"FunActive","description":"","potentialAction":[{"@type":"SearchAction","target":{"@type":"EntryPoint","urlTemplate":"https:\/\/france.funactive.info\/fr\/?s={search_term_string}"},"query-input":{"@type":"PropertyValueSpecification","valueRequired":true,"valueName":"search_term_string"}}],"inLanguage":"fr-FR"}]}},"_links":{"self":[{"href":"https:\/\/france.funactive.info\/fr\/wp-json\/wp\/v2\/pages\/3225","targetHints":{"allow":["GET"]}}],"collection":[{"href":"https:\/\/france.funactive.info\/fr\/wp-json\/wp\/v2\/pages"}],"about":[{"href":"https:\/\/france.funactive.info\/fr\/wp-json\/wp\/v2\/types\/page"}],"author":[{"embeddable":true,"href":"https:\/\/france.funactive.info\/fr\/wp-json\/wp\/v2\/users\/1"}],"replies":[{"embeddable":true,"href":"https:\/\/france.funactive.info\/fr\/wp-json\/wp\/v2\/comments?post=3225"}],"version-history":[{"count":5,"href":"https:\/\/france.funactive.info\/fr\/wp-json\/wp\/v2\/pages\/3225\/revisions"}],"predecessor-version":[{"id":4152,"href":"https:\/\/france.funactive.info\/fr\/wp-json\/wp\/v2\/pages\/3225\/revisions\/4152"}],"wp:attachment":[{"href":"https:\/\/france.funactive.info\/fr\/wp-json\/wp\/v2\/media?parent=3225"}],"curies":[{"name":"wp","href":"https:\/\/api.w.org\/{rel}","templated":true}]}}